{"id":987778,"date":"2024-10-21T16:26:02","date_gmt":"2024-10-21T13:26:02","guid":{"rendered":"https:\/\/gmv.design\/?page_id=987778"},"modified":"2024-11-13T13:55:05","modified_gmt":"2024-11-13T11:55:05","slug":"agentii-stat","status":"publish","type":"page","link":"https:\/\/gmv.design\/ro\/industrii\/agentii-stat\/","title":{"rendered":"Agen\u021bii de Stat"},"content":{"rendered":"\t\t<div data-elementor-type=\"wp-page\" data-elementor-id=\"987778\" class=\"elementor elementor-987778\" data-elementor-post-type=\"page\">\n\t\t\t\t\t\t<section data-particle_enable=\"false\" data-particle-mobile-disabled=\"false\" class=\"elementor-section elementor-top-section elementor-element elementor-element-6a84da12 elementor-section-boxed elementor-section-height-default elementor-section-height-default\" data-id=\"6a84da12\" data-element_type=\"section\">\n\t\t\t\t\t\t<div class=\"elementor-container elementor-column-gap-no\">\n\t\t\t\t\t<div class=\"elementor-column elementor-col-100 elementor-top-column elementor-element elementor-element-7bb15d88\" data-id=\"7bb15d88\" data-element_type=\"column\">\n\t\t\t<div class=\"elementor-widget-wrap elementor-element-populated\">\n\t\t\t\t\t\t<div class=\"elementor-element elementor-element-345dd0fc elementor-widget__width-auto elementor-hidden-desktop elementor-hidden-tablet elementor-hidden-mobile elementor-widget elementor-widget-heading\" data-id=\"345dd0fc\" data-element_type=\"widget\" data-widget_type=\"heading.default\">\n\t\t\t\t<div class=\"elementor-widget-container\">\n\t\t\t<div class=\"elementor-heading-title elementor-size-default\">Focus<\/div>\t\t<\/div>\n\t\t\t\t<\/div>\n\t\t\t\t<div class=\"elementor-element elementor-element-5457f6e1 elementor-widget elementor-widget-text-editor\" data-id=\"5457f6e1\" data-element_type=\"widget\" data-widget_type=\"text-editor.default\">\n\t\t\t\t<div class=\"elementor-widget-container\">\n\t\t\t\t\t\t\t<p>Navigarea complexit\u0103\u021bilor opera\u021biunilor guvernamentale necesit\u0103 solu\u021bii personalizate. <strong>GMV Design<\/strong> se specializeaz\u0103 \u00een dezvoltarea de software pentru <strong>agen\u021biile statului<\/strong>, care <strong>\u00eembun\u0103t\u0103\u021be\u0219te livrarea serviciilor, optimizeaz\u0103 gestionarea datelor \u0219i asigur\u0103 conformitatea cu reglement\u0103rile<\/strong>. Prin simplificarea proceselor \u0219i automatizarea fluxurilor de lucru, ajut\u0103m organiza\u021biile guvernamentale s\u0103 func\u021bioneze mai eficient \u0219i s\u0103 serveasc\u0103 mai bine comunit\u0103\u021bile lor.<\/p>\t\t\t\t\t\t<\/div>\n\t\t\t\t<\/div>\n\t\t\t\t\t<\/div>\n\t\t<\/div>\n\t\t\t\t\t<\/div>\n\t\t<\/section>\n\t\t\t\t<section data-particle_enable=\"false\" data-particle-mobile-disabled=\"false\" class=\"elementor-section elementor-top-section elementor-element elementor-element-7e11a42f elementor-section-items-stretch elementor-section-content-bottom elementor-section-height-min-height elementor-hidden-desktop elementor-hidden-tablet elementor-hidden-mobile elementor-section-boxed elementor-section-height-default\" data-id=\"7e11a42f\" data-element_type=\"section\">\n\t\t\t\t\t\t<div class=\"elementor-container elementor-column-gap-no\">\n\t\t\t\t\t<div class=\"elementor-column elementor-col-50 elementor-top-column elementor-element elementor-element-24226e44\" data-id=\"24226e44\" data-element_type=\"column\" data-settings=\"{&quot;background_background&quot;:&quot;classic&quot;}\">\n\t\t\t<div class=\"elementor-widget-wrap elementor-element-populated\">\n\t\t\t\t\t\t<div class=\"elementor-element elementor-element-5b289459 elementor-widget elementor-widget-spacer\" data-id=\"5b289459\" data-element_type=\"widget\" data-widget_type=\"spacer.default\">\n\t\t\t\t<div class=\"elementor-widget-container\">\n\t\t\t\t\t<div class=\"elementor-spacer\">\n\t\t\t<div class=\"elementor-spacer-inner\"><\/div>\n\t\t<\/div>\n\t\t\t\t<\/div>\n\t\t\t\t<\/div>\n\t\t\t\t\t<\/div>\n\t\t<\/div>\n\t\t\t\t<div class=\"elementor-column elementor-col-50 elementor-top-column elementor-element elementor-element-6de2ce76\" data-id=\"6de2ce76\" data-element_type=\"column\">\n\t\t\t<div class=\"elementor-widget-wrap elementor-element-populated\">\n\t\t\t\t\t\t<div class=\"elementor-element elementor-element-1902bdcd elementor-widget-mobile__width-inherit elementor-widget elementor-widget-heading\" data-id=\"1902bdcd\" data-element_type=\"widget\" data-widget_type=\"heading.default\">\n\t\t\t\t<div class=\"elementor-widget-container\">\n\t\t\t<h2 class=\"elementor-heading-title elementor-size-default\">Your local manufacturing IT partner, on-site and on-call<\/h2>\t\t<\/div>\n\t\t\t\t<\/div>\n\t\t\t\t<div class=\"elementor-element elementor-element-4da12688 elementor-widget-mobile__width-inherit elementor-widget elementor-widget-text-editor\" data-id=\"4da12688\" data-element_type=\"widget\" data-widget_type=\"text-editor.default\">\n\t\t\t\t<div class=\"elementor-widget-container\">\n\t\t\t\t\t\t\t<p>Tecnologia offers our clients the best of both worlds: locally based engineers, service staff and vCIOs (virtual Chief Information Officers) who manage your account and service calls, backed up by a national network of highly trained techs. Your facility will be covered by US-based, certified service techs at any hour.<\/p><p>Your local, dedicated vCIO, will conduct strategic assessments, gap analysis, and project management for your IT. They ensure our clients have the right network capacity, hardware\/software, and cybersecurity solutions they need to fulfill your company\u2019s needs, whether that\u2019s on the shop floor, in the field, or in the office.<\/p>\t\t\t\t\t\t<\/div>\n\t\t\t\t<\/div>\n\t\t\t\t\t<\/div>\n\t\t<\/div>\n\t\t\t\t\t<\/div>\n\t\t<\/section>\n\t\t\t\t<section data-particle_enable=\"false\" data-particle-mobile-disabled=\"false\" class=\"elementor-section elementor-top-section elementor-element elementor-element-3dda99ad elementor-section-boxed elementor-section-height-default elementor-section-height-default\" data-id=\"3dda99ad\" data-element_type=\"section\">\n\t\t\t\t\t\t<div class=\"elementor-container elementor-column-gap-no\">\n\t\t\t\t\t<div class=\"elementor-column elementor-col-50 elementor-top-column elementor-element elementor-element-4ce64606\" data-id=\"4ce64606\" data-element_type=\"column\">\n\t\t\t<div class=\"elementor-widget-wrap elementor-element-populated\">\n\t\t\t\t\t\t<div class=\"elementor-element elementor-element-73cb195c elementor-widget elementor-widget-heading\" data-id=\"73cb195c\" data-element_type=\"widget\" data-widget_type=\"heading.default\">\n\t\t\t\t<div class=\"elementor-widget-container\">\n\t\t\t<h2 class=\"elementor-heading-title elementor-size-default\">Oferim solu\u021bii, livrate la scar\u0103!<\/h2>\t\t<\/div>\n\t\t\t\t<\/div>\n\t\t\t\t\t<\/div>\n\t\t<\/div>\n\t\t\t\t<div class=\"elementor-column elementor-col-50 elementor-top-column elementor-element elementor-element-35e254f2 elementor-hidden-tablet elementor-hidden-mobile\" data-id=\"35e254f2\" data-element_type=\"column\">\n\t\t\t<div class=\"elementor-widget-wrap\">\n\t\t\t\t\t\t\t<\/div>\n\t\t<\/div>\n\t\t\t\t\t<\/div>\n\t\t<\/section>\n\t\t\t\t<section data-particle_enable=\"false\" data-particle-mobile-disabled=\"false\" class=\"elementor-section elementor-top-section elementor-element elementor-element-4eca5bdd elementor-hidden-desktop elementor-hidden-tablet elementor-hidden-mobile elementor-section-boxed elementor-section-height-default elementor-section-height-default\" data-id=\"4eca5bdd\" data-element_type=\"section\">\n\t\t\t\t\t\t<div class=\"elementor-container elementor-column-gap-no\">\n\t\t\t\t\t<div class=\"elementor-column elementor-col-33 elementor-top-column elementor-element elementor-element-3f93df75\" data-id=\"3f93df75\" data-element_type=\"column\">\n\t\t\t<div class=\"elementor-widget-wrap elementor-element-populated\">\n\t\t\t\t\t\t<div class=\"elementor-element elementor-element-d4ca0b8 elementor-widget elementor-widget-text-editor\" data-id=\"d4ca0b8\" data-element_type=\"widget\" data-widget_type=\"text-editor.default\">\n\t\t\t\t<div class=\"elementor-widget-container\">\n\t\t\t\t\t\t\t<p>How much time do you spend fixing systems when they break? How much productivity do you lose due to slow, or bad connections? Tecnologia can help you resolve the issues that are interfering with your productivity.<\/p>\t\t\t\t\t\t<\/div>\n\t\t\t\t<\/div>\n\t\t\t\t\t<\/div>\n\t\t<\/div>\n\t\t\t\t<div class=\"elementor-column elementor-col-33 elementor-top-column elementor-element elementor-element-3b219d83\" data-id=\"3b219d83\" data-element_type=\"column\">\n\t\t\t<div class=\"elementor-widget-wrap\">\n\t\t\t\t\t\t\t<\/div>\n\t\t<\/div>\n\t\t\t\t<div class=\"elementor-column elementor-col-33 elementor-top-column elementor-element elementor-element-40969464\" data-id=\"40969464\" data-element_type=\"column\">\n\t\t\t<div class=\"elementor-widget-wrap elementor-element-populated\">\n\t\t\t\t\t\t<div class=\"elementor-element elementor-element-13fee298 elementor-widget elementor-widget-text-editor\" data-id=\"13fee298\" data-element_type=\"widget\" data-widget_type=\"text-editor.default\">\n\t\t\t\t<div class=\"elementor-widget-container\">\n\t\t\t\t\t\t\t<p>Our local service techs can be on-site when needed, handling installations and maintenance. We do the job right the first time, setting your company up with the hardware, software, and networking solutions that seamlessly integrate all your tech.<\/p>\t\t\t\t\t\t<\/div>\n\t\t\t\t<\/div>\n\t\t\t\t\t<\/div>\n\t\t<\/div>\n\t\t\t\t\t<\/div>\n\t\t<\/section>\n\t\t\t\t<section data-particle_enable=\"false\" data-particle-mobile-disabled=\"false\" class=\"elementor-section elementor-top-section elementor-element elementor-element-547abb82 elementor-hidden-desktop elementor-hidden-tablet elementor-hidden-mobile elementor-section-boxed elementor-section-height-default elementor-section-height-default\" data-id=\"547abb82\" data-element_type=\"section\">\n\t\t\t\t\t\t<div class=\"elementor-container elementor-column-gap-no\">\n\t\t\t\t\t<div class=\"elementor-column elementor-col-100 elementor-top-column elementor-element elementor-element-654eaf9b\" data-id=\"654eaf9b\" data-element_type=\"column\" data-settings=\"{&quot;background_background&quot;:&quot;classic&quot;,&quot;background_motion_fx_motion_fx_scrolling&quot;:&quot;yes&quot;,&quot;background_motion_fx_translateX_effect&quot;:&quot;yes&quot;,&quot;background_motion_fx_translateX_speed&quot;:{&quot;unit&quot;:&quot;px&quot;,&quot;size&quot;:3,&quot;sizes&quot;:[]},&quot;background_motion_fx_devices&quot;:[&quot;desktop&quot;],&quot;background_motion_fx_translateX_affectedRange&quot;:{&quot;unit&quot;:&quot;%&quot;,&quot;size&quot;:&quot;&quot;,&quot;sizes&quot;:{&quot;start&quot;:0,&quot;end&quot;:100}}}\">\n\t\t\t<div class=\"elementor-widget-wrap elementor-element-populated\">\n\t\t\t\t\t\t<div class=\"elementor-element elementor-element-50c548fa elementor-widget elementor-widget-heading\" data-id=\"50c548fa\" data-element_type=\"widget\" data-widget_type=\"heading.default\">\n\t\t\t\t<div class=\"elementor-widget-container\">\n\t\t\t<h2 class=\"elementor-heading-title elementor-size-default\">Our IT services for manufacturers<\/h2>\t\t<\/div>\n\t\t\t\t<\/div>\n\t\t\t\t<div class=\"elementor-element elementor-element-7237d85 elementor-widget__width-initial elementor-widget-mobile__width-inherit elementor-icon-list--layout-traditional elementor-list-item-link-full_width elementor-widget elementor-widget-icon-list\" data-id=\"7237d85\" data-element_type=\"widget\" data-widget_type=\"icon-list.default\">\n\t\t\t\t<div class=\"elementor-widget-container\">\n\t\t\t\t\t<ul class=\"elementor-icon-list-items\">\n\t\t\t\t\t\t\t<li class=\"elementor-icon-list-item\">\n\t\t\t\t\t\t\t\t\t\t\t<span class=\"elementor-icon-list-icon\">\n\t\t\t\t\t\t\t<i aria-hidden=\"true\" class=\"vamtamtheme- vamtam-theme-check-box\"><\/i>\t\t\t\t\t\t<\/span>\n\t\t\t\t\t\t\t\t\t\t<span class=\"elementor-icon-list-text\">US-based, 24\/7 help desk<\/span>\n\t\t\t\t\t\t\t\t\t<\/li>\n\t\t\t\t\t\t\t\t<li class=\"elementor-icon-list-item\">\n\t\t\t\t\t\t\t\t\t\t\t<span class=\"elementor-icon-list-icon\">\n\t\t\t\t\t\t\t<i aria-hidden=\"true\" class=\"vamtamtheme- vamtam-theme-check-box\"><\/i>\t\t\t\t\t\t<\/span>\n\t\t\t\t\t\t\t\t\t\t<span class=\"elementor-icon-list-text\">System design and networking<\/span>\n\t\t\t\t\t\t\t\t\t<\/li>\n\t\t\t\t\t\t\t\t<li class=\"elementor-icon-list-item\">\n\t\t\t\t\t\t\t\t\t\t\t<span class=\"elementor-icon-list-icon\">\n\t\t\t\t\t\t\t<i aria-hidden=\"true\" class=\"vamtamtheme- vamtam-theme-check-box\"><\/i>\t\t\t\t\t\t<\/span>\n\t\t\t\t\t\t\t\t\t\t<span class=\"elementor-icon-list-text\">Software license management<\/span>\n\t\t\t\t\t\t\t\t\t<\/li>\n\t\t\t\t\t\t\t\t<li class=\"elementor-icon-list-item\">\n\t\t\t\t\t\t\t\t\t\t\t<span class=\"elementor-icon-list-icon\">\n\t\t\t\t\t\t\t<i aria-hidden=\"true\" class=\"vamtamtheme- vamtam-theme-check-box\"><\/i>\t\t\t\t\t\t<\/span>\n\t\t\t\t\t\t\t\t\t\t<span class=\"elementor-icon-list-text\">Hardware procurement and inventory<\/span>\n\t\t\t\t\t\t\t\t\t<\/li>\n\t\t\t\t\t\t<\/ul>\n\t\t\t\t<\/div>\n\t\t\t\t<\/div>\n\t\t\t\t<div class=\"elementor-element elementor-element-2b2004c2 elementor-widget__width-initial elementor-widget-mobile__width-inherit elementor-icon-list--layout-traditional elementor-list-item-link-full_width elementor-widget elementor-widget-icon-list\" data-id=\"2b2004c2\" data-element_type=\"widget\" data-widget_type=\"icon-list.default\">\n\t\t\t\t<div class=\"elementor-widget-container\">\n\t\t\t\t\t<ul class=\"elementor-icon-list-items\">\n\t\t\t\t\t\t\t<li class=\"elementor-icon-list-item\">\n\t\t\t\t\t\t\t\t\t\t\t<span class=\"elementor-icon-list-icon\">\n\t\t\t\t\t\t\t<i aria-hidden=\"true\" class=\"vamtamtheme- vamtam-theme-check-box\"><\/i>\t\t\t\t\t\t<\/span>\n\t\t\t\t\t\t\t\t\t\t<span class=\"elementor-icon-list-text\">Cabling and phone systems<\/span>\n\t\t\t\t\t\t\t\t\t<\/li>\n\t\t\t\t\t\t\t\t<li class=\"elementor-icon-list-item\">\n\t\t\t\t\t\t\t\t\t\t\t<span class=\"elementor-icon-list-icon\">\n\t\t\t\t\t\t\t<i aria-hidden=\"true\" class=\"vamtamtheme- vamtam-theme-check-box\"><\/i>\t\t\t\t\t\t<\/span>\n\t\t\t\t\t\t\t\t\t\t<span class=\"elementor-icon-list-text\">On-site systems maintenance<\/span>\n\t\t\t\t\t\t\t\t\t<\/li>\n\t\t\t\t\t\t\t\t<li class=\"elementor-icon-list-item\">\n\t\t\t\t\t\t\t\t\t\t\t<span class=\"elementor-icon-list-icon\">\n\t\t\t\t\t\t\t<i aria-hidden=\"true\" class=\"vamtamtheme- vamtam-theme-check-box\"><\/i>\t\t\t\t\t\t<\/span>\n\t\t\t\t\t\t\t\t\t\t<span class=\"elementor-icon-list-text\">On-site systems maintenance<\/span>\n\t\t\t\t\t\t\t\t\t<\/li>\n\t\t\t\t\t\t\t\t<li class=\"elementor-icon-list-item\">\n\t\t\t\t\t\t\t\t\t\t\t<span class=\"elementor-icon-list-icon\">\n\t\t\t\t\t\t\t<i aria-hidden=\"true\" class=\"vamtamtheme- vamtam-theme-check-box\"><\/i>\t\t\t\t\t\t<\/span>\n\t\t\t\t\t\t\t\t\t\t<span class=\"elementor-icon-list-text\">NIST and CMMC compliant cybersecurity stack<\/span>\n\t\t\t\t\t\t\t\t\t<\/li>\n\t\t\t\t\t\t<\/ul>\n\t\t\t\t<\/div>\n\t\t\t\t<\/div>\n\t\t\t\t\t<\/div>\n\t\t<\/div>\n\t\t\t\t\t<\/div>\n\t\t<\/section>\n\t\t\t\t<section data-particle_enable=\"false\" data-particle-mobile-disabled=\"false\" class=\"elementor-section elementor-top-section elementor-element elementor-element-202f0e2e elementor-section-items-stretch elementor-section-content-bottom elementor-section-height-min-height elementor-section-boxed elementor-section-height-default\" data-id=\"202f0e2e\" data-element_type=\"section\">\n\t\t\t\t\t\t<div class=\"elementor-container elementor-column-gap-no\">\n\t\t\t\t\t<div class=\"elementor-column elementor-col-50 elementor-top-column elementor-element elementor-element-d197774\" data-id=\"d197774\" data-element_type=\"column\">\n\t\t\t<div class=\"elementor-widget-wrap elementor-element-populated\">\n\t\t\t\t\t\t<div class=\"elementor-element elementor-element-1f7ee820 elementor-widget-mobile__width-inherit elementor-widget elementor-widget-heading\" data-id=\"1f7ee820\" data-element_type=\"widget\" data-widget_type=\"heading.default\">\n\t\t\t\t<div class=\"elementor-widget-container\">\n\t\t\t<h2 class=\"elementor-heading-title elementor-size-default\">Reduce\u021bi costurile \u00een timp ce v\u0103 \u00eembun\u0103t\u0103\u021bi\u021bi productivitatea.<\/h2>\t\t<\/div>\n\t\t\t\t<\/div>\n\t\t\t\t<div class=\"elementor-element elementor-element-574211ae elementor-widget-mobile__width-inherit elementor-widget elementor-widget-text-editor\" data-id=\"574211ae\" data-element_type=\"widget\" data-widget_type=\"text-editor.default\">\n\t\t\t\t<div class=\"elementor-widget-container\">\n\t\t\t\t\t\t\t<p>Cu solu\u021biile noastre personalizate, v\u0103 vom elimina toate durerile de cap. Uita\u021bi de timpul pierdut cu depanarea sau gestionarea mai multor furnizori &#8211; echipa noastr\u0103 se asigur\u0103 c\u0103 totul func\u021bioneaz\u0103 f\u0103r\u0103 probleme, astfel \u00eenc\u00e2t s\u0103 v\u0103 pute\u021bi concentra pe ceea ce conteaz\u0103 cu adev\u0103rat.<\/p>\t\t\t\t\t\t<\/div>\n\t\t\t\t<\/div>\n\t\t\t\t<div class=\"vamtam-has-theme-widget-styles elementor-element elementor-element-56165be9 elementor-widget__width-auto elementor-widget-mobile__width-inherit elementor-widget-tablet__width-auto elementor-widget elementor-widget-button\" data-id=\"56165be9\" data-element_type=\"widget\" data-widget_type=\"button.default\">\n\t\t\t\t<div class=\"elementor-widget-container\">\n\t\t\t\t\t<div class=\"elementor-button-wrapper\">\n\t\t\t<a class=\"elementor-button elementor-button-link elementor-size-sm\" href=\"#form\">\n\t\t\t\t\t\t<span class=\"elementor-button-content-wrapper\">\n\t\t\t\t\t\t\t\t\t<span class=\"elementor-button-text\">Consulta\u021bie gratuit\u0103<\/span>\n\t\t\t\t\t<\/span>\n\t\t\t\t\t<\/a>\n\t\t<\/div>\n\t\t\t\t<\/div>\n\t\t\t\t<\/div>\n\t\t\t\t\t<\/div>\n\t\t<\/div>\n\t\t\t\t<div class=\"elementor-column elementor-col-50 elementor-top-column elementor-element elementor-element-63715ee9\" data-id=\"63715ee9\" data-element_type=\"column\" data-settings=\"{&quot;background_background&quot;:&quot;classic&quot;}\">\n\t\t\t<div class=\"elementor-widget-wrap elementor-element-populated\">\n\t\t\t\t\t\t<div class=\"elementor-element elementor-element-2e66fe76 elementor-widget elementor-widget-spacer\" data-id=\"2e66fe76\" data-element_type=\"widget\" data-widget_type=\"spacer.default\">\n\t\t\t\t<div class=\"elementor-widget-container\">\n\t\t\t\t\t<div class=\"elementor-spacer\">\n\t\t\t<div class=\"elementor-spacer-inner\"><\/div>\n\t\t<\/div>\n\t\t\t\t<\/div>\n\t\t\t\t<\/div>\n\t\t\t\t\t<\/div>\n\t\t<\/div>\n\t\t\t\t\t<\/div>\n\t\t<\/section>\n\t\t\t\t<\/div>\n\t\t","protected":false},"excerpt":{"rendered":"<p>Pentru agen\u021biile de stat, oferim solu\u021bii software sigure \u0219i scalabile care \u00eembun\u0103t\u0103\u021besc livrarea serviciilor publice \u0219i eficientizeaz\u0103 opera\u021biunile. Expertiza noastr\u0103 asigur\u0103 conformitatea cu reglement\u0103rile \u0219i \u00eembun\u0103t\u0103\u021be\u0219te accesibilitatea pentru cet\u0103\u021beni.<\/p>\n","protected":false},"author":1,"featured_media":0,"parent":542,"menu_order":0,"comment_status":"closed","ping_status":"closed","template":"","meta":{"footnotes":""},"class_list":["post-987778","page","type-page","status-publish","hentry"],"yoast_head":"<!-- This site is optimized with the Yoast SEO plugin v23.8 - https:\/\/yoast.com\/wordpress\/plugins\/seo\/ -->\n<title>Agen\u021bii de Stat - GMV Design<\/title>\n<meta name=\"description\" content=\"Ne specializ\u0103m \u00een dezvoltarea de software pentru agen\u021biile de stat, care \u00eembun\u0103t\u0103\u021be\u0219te livrarea serviciilor \u0219i asigur\u0103 conformitatea legal\u0103\" \/>\n<meta name=\"robots\" content=\"index, follow, max-snippet:-1, max-image-preview:large, max-video-preview:-1\" \/>\n<link rel=\"canonical\" href=\"https:\/\/gmv.design\/ro\/industrii\/agentii-stat\/\" \/>\n<meta property=\"og:locale\" content=\"ro_RO\" \/>\n<meta property=\"og:type\" content=\"article\" \/>\n<meta property=\"og:title\" content=\"Agen\u021bii de Stat - GMV Design\" \/>\n<meta property=\"og:description\" content=\"Ne specializ\u0103m \u00een dezvoltarea de software pentru agen\u021biile de stat, care \u00eembun\u0103t\u0103\u021be\u0219te livrarea serviciilor \u0219i asigur\u0103 conformitatea legal\u0103\" \/>\n<meta property=\"og:url\" content=\"https:\/\/gmv.design\/ro\/industrii\/agentii-stat\/\" \/>\n<meta property=\"og:site_name\" content=\"GMV Design\" \/>\n<meta property=\"article:modified_time\" content=\"2024-11-13T11:55:05+00:00\" \/>\n<meta name=\"twitter:card\" content=\"summary_large_image\" \/>\n<meta name=\"twitter:label1\" content=\"Timp estimat pentru citire\" \/>\n\t<meta name=\"twitter:data1\" content=\"2 minute\" \/>\n<script type=\"application\/ld+json\" class=\"yoast-schema-graph\">{\"@context\":\"https:\/\/schema.org\",\"@graph\":[{\"@type\":\"WebPage\",\"@id\":\"https:\/\/gmv.design\/ro\/industrii\/agentii-stat\/\",\"url\":\"https:\/\/gmv.design\/ro\/industrii\/agentii-stat\/\",\"name\":\"Agen\u021bii de Stat - GMV Design\",\"isPartOf\":{\"@id\":\"https:\/\/gmv.design\/ro\/#website\"},\"datePublished\":\"2024-10-21T13:26:02+00:00\",\"dateModified\":\"2024-11-13T11:55:05+00:00\",\"description\":\"Ne specializ\u0103m \u00een dezvoltarea de software pentru agen\u021biile de stat, care \u00eembun\u0103t\u0103\u021be\u0219te livrarea serviciilor \u0219i asigur\u0103 conformitatea legal\u0103\",\"breadcrumb\":{\"@id\":\"https:\/\/gmv.design\/ro\/industrii\/agentii-stat\/#breadcrumb\"},\"inLanguage\":\"ro-RO\",\"potentialAction\":[{\"@type\":\"ReadAction\",\"target\":[\"https:\/\/gmv.design\/ro\/industrii\/agentii-stat\/\"]}]},{\"@type\":\"BreadcrumbList\",\"@id\":\"https:\/\/gmv.design\/ro\/industrii\/agentii-stat\/#breadcrumb\",\"itemListElement\":[{\"@type\":\"ListItem\",\"position\":1,\"name\":\"Prima pagin\u0103\",\"item\":\"https:\/\/gmv.design\/ro\/\"},{\"@type\":\"ListItem\",\"position\":2,\"name\":\"Industrii\",\"item\":\"https:\/\/gmv.design\/ro\/industrii\/\"},{\"@type\":\"ListItem\",\"position\":3,\"name\":\"Agen\u021bii de Stat\"}]},{\"@type\":\"WebSite\",\"@id\":\"https:\/\/gmv.design\/ro\/#website\",\"url\":\"https:\/\/gmv.design\/ro\/\",\"name\":\"GMV Design\",\"description\":\"\",\"publisher\":{\"@id\":\"https:\/\/gmv.design\/ro\/#organization\"},\"potentialAction\":[{\"@type\":\"SearchAction\",\"target\":{\"@type\":\"EntryPoint\",\"urlTemplate\":\"https:\/\/gmv.design\/ro\/?s={search_term_string}\"},\"query-input\":{\"@type\":\"PropertyValueSpecification\",\"valueRequired\":true,\"valueName\":\"search_term_string\"}}],\"inLanguage\":\"ro-RO\"},{\"@type\":\"Organization\",\"@id\":\"https:\/\/gmv.design\/ro\/#organization\",\"name\":\"GMV Design\",\"url\":\"https:\/\/gmv.design\/ro\/\",\"logo\":{\"@type\":\"ImageObject\",\"inLanguage\":\"ro-RO\",\"@id\":\"https:\/\/gmv.design\/ro\/#\/schema\/logo\/image\/\",\"url\":\"https:\/\/gmv.design\/ro\/wp-content\/uploads\/2023\/03\/GMV-black-2.png\",\"contentUrl\":\"https:\/\/gmv.design\/ro\/wp-content\/uploads\/2023\/03\/GMV-black-2.png\",\"width\":4724,\"height\":1181,\"caption\":\"GMV Design\"},\"image\":{\"@id\":\"https:\/\/gmv.design\/ro\/#\/schema\/logo\/image\/\"}}]}<\/script>\n<!-- \/ Yoast SEO plugin. -->","yoast_head_json":{"title":"Agen\u021bii de Stat - GMV Design","description":"Ne specializ\u0103m \u00een dezvoltarea de software pentru agen\u021biile de stat, care \u00eembun\u0103t\u0103\u021be\u0219te livrarea serviciilor \u0219i asigur\u0103 conformitatea legal\u0103","robots":{"index":"index","follow":"follow","max-snippet":"max-snippet:-1","max-image-preview":"max-image-preview:large","max-video-preview":"max-video-preview:-1"},"canonical":"https:\/\/gmv.design\/ro\/industrii\/agentii-stat\/","og_locale":"ro_RO","og_type":"article","og_title":"Agen\u021bii de Stat - GMV Design","og_description":"Ne specializ\u0103m \u00een dezvoltarea de software pentru agen\u021biile de stat, care \u00eembun\u0103t\u0103\u021be\u0219te livrarea serviciilor \u0219i asigur\u0103 conformitatea legal\u0103","og_url":"https:\/\/gmv.design\/ro\/industrii\/agentii-stat\/","og_site_name":"GMV Design","article_modified_time":"2024-11-13T11:55:05+00:00","twitter_card":"summary_large_image","twitter_misc":{"Timp estimat pentru citire":"2 minute"},"schema":{"@context":"https:\/\/schema.org","@graph":[{"@type":"WebPage","@id":"https:\/\/gmv.design\/ro\/industrii\/agentii-stat\/","url":"https:\/\/gmv.design\/ro\/industrii\/agentii-stat\/","name":"Agen\u021bii de Stat - GMV Design","isPartOf":{"@id":"https:\/\/gmv.design\/ro\/#website"},"datePublished":"2024-10-21T13:26:02+00:00","dateModified":"2024-11-13T11:55:05+00:00","description":"Ne specializ\u0103m \u00een dezvoltarea de software pentru agen\u021biile de stat, care \u00eembun\u0103t\u0103\u021be\u0219te livrarea serviciilor \u0219i asigur\u0103 conformitatea legal\u0103","breadcrumb":{"@id":"https:\/\/gmv.design\/ro\/industrii\/agentii-stat\/#breadcrumb"},"inLanguage":"ro-RO","potentialAction":[{"@type":"ReadAction","target":["https:\/\/gmv.design\/ro\/industrii\/agentii-stat\/"]}]},{"@type":"BreadcrumbList","@id":"https:\/\/gmv.design\/ro\/industrii\/agentii-stat\/#breadcrumb","itemListElement":[{"@type":"ListItem","position":1,"name":"Prima pagin\u0103","item":"https:\/\/gmv.design\/ro\/"},{"@type":"ListItem","position":2,"name":"Industrii","item":"https:\/\/gmv.design\/ro\/industrii\/"},{"@type":"ListItem","position":3,"name":"Agen\u021bii de Stat"}]},{"@type":"WebSite","@id":"https:\/\/gmv.design\/ro\/#website","url":"https:\/\/gmv.design\/ro\/","name":"GMV Design","description":"","publisher":{"@id":"https:\/\/gmv.design\/ro\/#organization"},"potentialAction":[{"@type":"SearchAction","target":{"@type":"EntryPoint","urlTemplate":"https:\/\/gmv.design\/ro\/?s={search_term_string}"},"query-input":{"@type":"PropertyValueSpecification","valueRequired":true,"valueName":"search_term_string"}}],"inLanguage":"ro-RO"},{"@type":"Organization","@id":"https:\/\/gmv.design\/ro\/#organization","name":"GMV Design","url":"https:\/\/gmv.design\/ro\/","logo":{"@type":"ImageObject","inLanguage":"ro-RO","@id":"https:\/\/gmv.design\/ro\/#\/schema\/logo\/image\/","url":"https:\/\/gmv.design\/ro\/wp-content\/uploads\/2023\/03\/GMV-black-2.png","contentUrl":"https:\/\/gmv.design\/ro\/wp-content\/uploads\/2023\/03\/GMV-black-2.png","width":4724,"height":1181,"caption":"GMV Design"},"image":{"@id":"https:\/\/gmv.design\/ro\/#\/schema\/logo\/image\/"}}]}},"_links":{"self":[{"href":"https:\/\/gmv.design\/ro\/wp-json\/wp\/v2\/pages\/987778","targetHints":{"allow":["GET"]}}],"collection":[{"href":"https:\/\/gmv.design\/ro\/wp-json\/wp\/v2\/pages"}],"about":[{"href":"https:\/\/gmv.design\/ro\/wp-json\/wp\/v2\/types\/page"}],"author":[{"embeddable":true,"href":"https:\/\/gmv.design\/ro\/wp-json\/wp\/v2\/users\/1"}],"replies":[{"embeddable":true,"href":"https:\/\/gmv.design\/ro\/wp-json\/wp\/v2\/comments?post=987778"}],"version-history":[{"count":15,"href":"https:\/\/gmv.design\/ro\/wp-json\/wp\/v2\/pages\/987778\/revisions"}],"predecessor-version":[{"id":988414,"href":"https:\/\/gmv.design\/ro\/wp-json\/wp\/v2\/pages\/987778\/revisions\/988414"}],"up":[{"embeddable":true,"href":"https:\/\/gmv.design\/ro\/wp-json\/wp\/v2\/pages\/542"}],"wp:attachment":[{"href":"https:\/\/gmv.design\/ro\/wp-json\/wp\/v2\/media?parent=987778"}],"curies":[{"name":"wp","href":"https:\/\/api.w.org\/{rel}","templated":true}]}}